{"id":695,"date":"2026-01-29T08:25:05","date_gmt":"2026-01-29T08:25:05","guid":{"rendered":"https:\/\/wizardly-black.92-205-184-81.plesk.page\/?page_id=695"},"modified":"2026-04-02T14:18:21","modified_gmt":"2026-04-02T14:18:21","slug":"impressum","status":"publish","type":"page","link":"https:\/\/staging-de.fortuna-werbung.at\/index.php\/impressum\/","title":{"rendered":"Impressum"},"content":{"rendered":"\t\t<div data-elementor-type=\"wp-page\" data-elementor-id=\"695\" class=\"elementor elementor-695\">\n\t\t\t\t<div class=\"elementor-element elementor-element-78c5920 e-flex e-con-boxed e-con e-parent\" data-id=\"78c5920\" data-element_type=\"container\" data-e-type=\"container\">\n\t\t\t\t\t<div class=\"e-con-inner\">\n\t\t\t\t<div class=\"elementor-element elementor-element-c90b6fd elementor-widget elementor-widget-heading\" data-id=\"c90b6fd\" data-element_type=\"widget\" data-e-type=\"widget\" data-widget_type=\"heading.default\">\n\t\t\t\t\t<h2 class=\"elementor-heading-title elementor-size-default\">Impressum<\/h2>\t\t\t\t<\/div>\n\t\t\t\t<div class=\"elementor-element elementor-element-e2338f8 elementor-widget elementor-widget-text-editor\" data-id=\"e2338f8\" data-element_type=\"widget\" data-e-type=\"widget\" data-widget_type=\"text-editor.default\">\n\t\t\t\t\t\t\t\t\t<p><strong>Fortuna Werbung GmbH &amp; Co KG <\/strong><br \/>Leonfeldner Stra\u00dfe 133<br \/>4040 Linz<br \/>Telefon +43 732 21034610<br \/>Telefax +43 732 21034611<br \/><a style=\"color: black;\" href=\"mailto:mail@fortuna-werbung.at\">mail@fortuna-werbung.at<\/a><br \/><a style=\"color: black;\" href=\"http:\/\/www.fortuna-werbung.at\">www.fortuna-werbung.at<\/a><\/p><p>Gesch\u00e4ftsf\u00fchrer: Stefan Pohl<br \/>Firmensitz: Linz<br \/>Landesgericht: Linz, Handelsregister: FN 24350i<br \/>Aufsichtsbeh\u00f6rde: Bezirkshauptmannschaft Linz (Stadt)<br \/>Kammerzugeh\u00f6rigkeit: Ober\u00f6sterreich<\/p><p>UID: ATU23177906<\/p><p>Bildnachweis: \u00a9 Shutterstock, Freepik<\/p>\t\t\t\t\t\t\t\t<\/div>\n\t\t\t\t<div class=\"elementor-element elementor-element-9b4f478 elementor-widget elementor-widget-image\" data-id=\"9b4f478\" data-element_type=\"widget\" data-e-type=\"widget\" data-widget_type=\"image.default\">\n\t\t\t\t\t\t\t\t\t\t\t\t\t\t\t<img fetchpriority=\"high\" decoding=\"async\" width=\"617\" height=\"542\" src=\"https:\/\/staging-de.fortuna-werbung.at\/wp-content\/uploads\/2026\/03\/fortuna_website_elemente_2026-032.jpg\" class=\"attachment-full size-full wp-image-3203\" alt=\"\" srcset=\"https:\/\/staging-de.fortuna-werbung.at\/wp-content\/uploads\/2026\/03\/fortuna_website_elemente_2026-032.jpg 617w, https:\/\/staging-de.fortuna-werbung.at\/wp-content\/uploads\/2026\/03\/fortuna_website_elemente_2026-032-300x264.jpg 300w\" sizes=\"(max-width: 617px) 100vw, 617px\" \/>\t\t\t\t\t\t\t\t\t\t\t\t\t\t\t<\/div>\n\t\t\t\t\t<\/div>\n\t\t\t\t<\/div>\n\t\t<div class=\"elementor-element elementor-element-437362e e-grid e-con-boxed e-con e-parent\" data-id=\"437362e\" data-element_type=\"container\" data-e-type=\"container\" data-settings=\"{&quot;background_background&quot;:&quot;classic&quot;}\">\n\t\t\t\t\t<div class=\"e-con-inner\">\n\t\t\t\t<div class=\"elementor-element elementor-element-444f6bd elementor-widget elementor-widget-heading\" data-id=\"444f6bd\" data-element_type=\"widget\" data-e-type=\"widget\" data-widget_type=\"heading.default\">\n\t\t\t\t\t<h2 class=\"elementor-heading-title elementor-size-default\">Fortuna Werbung GmbH &amp; Co KG<\/h2>\t\t\t\t<\/div>\n\t\t\t\t<div class=\"elementor-element elementor-element-cf3fbc4 elementor-widget elementor-widget-heading\" data-id=\"cf3fbc4\" data-element_type=\"widget\" data-e-type=\"widget\" data-widget_type=\"heading.default\">\n\t\t\t\t\t<h2 class=\"elementor-heading-title elementor-size-default\"><a href=\"https:\/\/staging-de.fortuna-werbung.at\/index.php\/impressum\/\">Impressum<\/a><\/h2>\t\t\t\t<\/div>\n\t\t\t\t<div class=\"elementor-element elementor-element-7febffa elementor-widget elementor-widget-heading\" data-id=\"7febffa\" data-element_type=\"widget\" data-e-type=\"widget\" data-widget_type=\"heading.default\">\n\t\t\t\t\t<h2 class=\"elementor-heading-title elementor-size-default\"><a href=\"https:\/\/staging-de.fortuna-werbung.at\/index.php\/datenschutz\/\">Datenschutz<\/a><\/h2>\t\t\t\t<\/div>\n\t\t\t\t\t<\/div>\n\t\t\t\t<\/div>\n\t\t\t\t<\/div>\n\t\t","protected":false},"excerpt":{"rendered":"<p>Impressum Fortuna Werbung GmbH &amp; Co KG Leonfeldner Stra\u00dfe 1334040 LinzTelefon +43 732 21034610Telefax +43 732 21034611mail@fortuna-werbung.atwww.fortuna-werbung.at Gesch\u00e4ftsf\u00fchrer: Stefan PohlFirmensitz: [&hellip;]<\/p>\n","protected":false},"author":1,"featured_media":0,"parent":0,"menu_order":0,"comment_status":"closed","ping_status":"closed","template":"","meta":{"site-sidebar-layout":"no-sidebar","site-content-layout":"","ast-site-content-layout":"full-width-container","site-content-style":"default","site-sidebar-style":"default","ast-global-header-display":"","ast-banner-title-visibility":"disabled","ast-main-header-display":"","ast-hfb-above-header-display":"","ast-hfb-below-header-display":"","ast-hfb-mobile-header-display":"","site-post-title":"","ast-breadcrumbs-content":"","ast-featured-img":"disabled","footer-sml-layout":"disabled","ast-disable-related-posts":"","theme-transparent-header-meta":"","adv-header-id-meta":"","stick-header-meta":"","header-above-stick-meta":"","header-main-stick-meta":"","header-below-stick-meta":"","astra-migrate-meta-layouts":"default","ast-page-background-enabled":"default","ast-page-background-meta":{"desktop":{"background-color":"var(--ast-global-color-5)","background-image":"","background-repeat":"repeat","background-position":"center center","background-size":"auto","background-attachment":"scroll","background-type":"","background-media":"","overlay-type":"","overlay-color":"","overlay-opacity":"","overlay-gradient":""},"tablet":{"background-color":"","background-image":"","background-repeat":"repeat","background-position":"center center","background-size":"auto","background-attachment":"scroll","background-type":"","background-media":"","overlay-type":"","overlay-color":"","overlay-opacity":"","overlay-gradient":""},"mobile":{"background-color":"","background-image":"","background-repeat":"repeat","background-position":"center center","background-size":"auto","background-attachment":"scroll","background-type":"","background-media":"","overlay-type":"","overlay-color":"","overlay-opacity":"","overlay-gradient":""}},"ast-content-background-meta":{"desktop":{"background-color":"var(--ast-global-color-4)","background-image":"","background-repeat":"repeat","background-position":"center center","background-size":"auto","background-attachment":"scroll","background-type":"","background-media":"","overlay-type":"","overlay-color":"","overlay-opacity":"","overlay-gradient":""},"tablet":{"background-color":"var(--ast-global-color-4)","background-image":"","background-repeat":"repeat","background-position":"center center","background-size":"auto","background-attachment":"scroll","background-type":"","background-media":"","overlay-type":"","overlay-color":"","overlay-opacity":"","overlay-gradient":""},"mobile":{"background-color":"var(--ast-global-color-4)","background-image":"","background-repeat":"repeat","background-position":"center center","background-size":"auto","background-attachment":"scroll","background-type":"","background-media":"","overlay-type":"","overlay-color":"","overlay-opacity":"","overlay-gradient":""}},"footnotes":""},"class_list":["post-695","page","type-page","status-publish","hentry"],"_links":{"self":[{"href":"https:\/\/staging-de.fortuna-werbung.at\/index.php\/wp-json\/wp\/v2\/pages\/695","targetHints":{"allow":["GET"]}}],"collection":[{"href":"https:\/\/staging-de.fortuna-werbung.at\/index.php\/wp-json\/wp\/v2\/pages"}],"about":[{"href":"https:\/\/staging-de.fortuna-werbung.at\/index.php\/wp-json\/wp\/v2\/types\/page"}],"author":[{"embeddable":true,"href":"https:\/\/staging-de.fortuna-werbung.at\/index.php\/wp-json\/wp\/v2\/users\/1"}],"replies":[{"embeddable":true,"href":"https:\/\/staging-de.fortuna-werbung.at\/index.php\/wp-json\/wp\/v2\/comments?post=695"}],"version-history":[{"count":452,"href":"https:\/\/staging-de.fortuna-werbung.at\/index.php\/wp-json\/wp\/v2\/pages\/695\/revisions"}],"predecessor-version":[{"id":3922,"href":"https:\/\/staging-de.fortuna-werbung.at\/index.php\/wp-json\/wp\/v2\/pages\/695\/revisions\/3922"}],"wp:attachment":[{"href":"https:\/\/staging-de.fortuna-werbung.at\/index.php\/wp-json\/wp\/v2\/media?parent=695"}],"curies":[{"name":"wp","href":"https:\/\/api.w.org\/{rel}","templated":true}]}}